{"id":711,"date":"2024-09-04T10:14:30","date_gmt":"2024-09-04T08:14:30","guid":{"rendered":"https:\/\/deki-promet.hr\/?page_id=711"},"modified":"2024-09-06T20:34:59","modified_gmt":"2024-09-06T18:34:59","slug":"uvjeti-i-odredbe","status":"publish","type":"page","link":"https:\/\/deki-promet.hr\/en\/terms-and-conditions\/","title":{"rendered":"Terms and Conditions"},"content":{"rendered":"\n[et_pb_section fb_built=&#8221;1&#8243; admin_label=&#8221;Blog&#8221; _builder_version=&#8221;4.27.0&#8243; _module_preset=&#8221;default&#8221; background_color=&#8221;gcid-4c119920-fe37-4b7d-b1e0-a1ec608cdcd7&#8243; collapsed=&#8221;on&#8221; global_colors_info=&#8221;{%22gcid-4c119920-fe37-4b7d-b1e0-a1ec608cdcd7%22:%91%22background_color%22%93}&#8221;][et_pb_row _builder_version=&#8221;4.21.0&#8243; _module_preset=&#8221;default&#8221; locked=&#8221;off&#8221; global_colors_info=&#8221;{}&#8221;][et_pb_column type=&#8221;4_4&#8243; _builder_version=&#8221;4.21.0&#8243; _module_preset=&#8221;default&#8221; global_colors_info=&#8221;{}&#8221;][et_pb_text _builder_version=&#8221;4.27.0&#8243; _module_preset=&#8221;_initial&#8221; text_font=&#8221;&#8211;et_global_heading_font||||||||&#8221; header_font=&#8221;&#8211;et_global_heading_font|600||on|||||&#8221; header_text_color=&#8221;#FFFFFF&#8221; header_font_size=&#8221;72px&#8221; header_line_height=&#8221;1.2em&#8221; custom_margin=&#8221;||0px||false|false&#8221; header_font_size_tablet=&#8221;40px&#8221; header_font_size_phone=&#8221;24px&#8221; header_font_size_last_edited=&#8221;on|desktop&#8221; content_en_gb=&#8221;<div id=\"ez-toc-container\" class=\"ez-toc-v2_0_81 ez-toc-wrap-center counter-hierarchy ez-toc-counter ez-toc-custom ez-toc-container-direction\">\n<div class=\"ez-toc-title-container\">\n<p class=\"ez-toc-title\" style=\"cursor:inherit\">Sadr\u017eaj stranice<\/p>\n<span class=\"ez-toc-title-toggle\"><a href=\"#\" class=\"ez-toc-pull-right ez-toc-btn ez-toc-btn-xs ez-toc-btn-default ez-toc-toggle\" aria-label=\"Toggle Table of Content\"><span class=\"ez-toc-js-icon-con\"><span class=\"\"><span class=\"eztoc-hide\" style=\"display:none;\">Toggle<\/span><span class=\"ez-toc-icon-toggle-span\"><svg style=\"fill: #cbd4cf;color:#cbd4cf\" xmlns=\"http:\/\/www.w3.org\/2000\/svg\" class=\"list-377408\" width=\"20px\" height=\"20px\" viewBox=\"0 0 24 24\" fill=\"none\"><path d=\"M6 6H4v2h2V6zm14 0H8v2h12V6zM4 11h2v2H4v-2zm16 0H8v2h12v-2zM4 16h2v2H4v-2zm16 0H8v2h12v-2z\" fill=\"currentColor\"><\/path><\/svg><svg style=\"fill: #cbd4cf;color:#cbd4cf\" class=\"arrow-unsorted-368013\" xmlns=\"http:\/\/www.w3.org\/2000\/svg\" width=\"10px\" height=\"10px\" viewBox=\"0 0 24 24\" version=\"1.2\" baseProfile=\"tiny\"><path d=\"M18.2 9.3l-6.2-6.3-6.2 6.3c-.2.2-.3.4-.3.7s.1.5.3.7c.2.2.4.3.7.3h11c.3 0 .5-.1.7-.3.2-.2.3-.5.3-.7s-.1-.5-.3-.7zM5.8 14.7l6.2 6.3 6.2-6.3c.2-.2.3-.5.3-.7s-.1-.5-.3-.7c-.2-.2-.4-.3-.7-.3h-11c-.3 0-.5.1-.7.3-.2.2-.3.5-.3.7s.1.5.3.7z\"\/><\/svg><\/span><\/span><\/span><\/a><\/span><\/div>\n<nav><ul class='ez-toc-list ez-toc-list-level-1 ' ><li class='ez-toc-page-1 ez-toc-heading-level-1'><a class=\"ez-toc-link ez-toc-heading-1\" href=\"https:\/\/deki-promet.hr\/en\/terms-and-conditions\/#Terms_and_Conditions\" >Terms and Conditions<\/a><\/li><li class='ez-toc-page-1 ez-toc-heading-level-1'><a class=\"ez-toc-link ez-toc-heading-2\" href=\"https:\/\/deki-promet.hr\/en\/terms-and-conditions\/#Uvjeti_i_odredbe\" >Uvjeti i odredbe<\/a><ul class='ez-toc-list-level-3' ><li class='ez-toc-heading-level-3'><ul class='ez-toc-list-level-3' ><li class='ez-toc-heading-level-3'><a class=\"ez-toc-link ez-toc-heading-3\" href=\"https:\/\/deki-promet.hr\/en\/terms-and-conditions\/#1_Introduction\" >1. Introduction<\/a><\/li><li class='ez-toc-page-1 ez-toc-heading-level-3'><a class=\"ez-toc-link ez-toc-heading-4\" href=\"https:\/\/deki-promet.hr\/en\/terms-and-conditions\/#2_Collection_and_Use_of_Personal_Data\" >2. Collection and Use of Personal Data<\/a><\/li><li class='ez-toc-page-1 ez-toc-heading-level-3'><a class=\"ez-toc-link ez-toc-heading-5\" href=\"https:\/\/deki-promet.hr\/en\/terms-and-conditions\/#3_Cookies\" >3. Cookies<\/a><\/li><li class='ez-toc-page-1 ez-toc-heading-level-3'><a class=\"ez-toc-link ez-toc-heading-6\" href=\"https:\/\/deki-promet.hr\/en\/terms-and-conditions\/#4_Data_Protection\" >4. Data Protection<\/a><\/li><li class='ez-toc-page-1 ez-toc-heading-level-3'><a class=\"ez-toc-link ez-toc-heading-7\" href=\"https:\/\/deki-promet.hr\/en\/terms-and-conditions\/#5_User_Rights\" >5. User Rights<\/a><\/li><li class='ez-toc-page-1 ez-toc-heading-level-3'><a class=\"ez-toc-link ez-toc-heading-8\" href=\"https:\/\/deki-promet.hr\/en\/terms-and-conditions\/#6_Changes_to_the_Terms\" >6. Changes to the Terms<\/a><\/li><li class='ez-toc-page-1 ez-toc-heading-level-3'><a class=\"ez-toc-link ez-toc-heading-9\" href=\"https:\/\/deki-promet.hr\/en\/terms-and-conditions\/#7_Contact_Information\" >7. Contact Information<\/a><\/li><li class='ez-toc-page-1 ez-toc-heading-level-3'><a class=\"ez-toc-link ez-toc-heading-10\" href=\"https:\/\/deki-promet.hr\/en\/terms-and-conditions\/#1_Uvod\" >1. Uvod<\/a><\/li><li class='ez-toc-page-1 ez-toc-heading-level-3'><a class=\"ez-toc-link ez-toc-heading-11\" href=\"https:\/\/deki-promet.hr\/en\/terms-and-conditions\/#2_Prikupljanje_i_koristenje_osobnih_podataka\" >2. Prikupljanje i kori\u0161tenje osobnih podataka<\/a><\/li><li class='ez-toc-page-1 ez-toc-heading-level-3'><a class=\"ez-toc-link ez-toc-heading-12\" href=\"https:\/\/deki-promet.hr\/en\/terms-and-conditions\/#3_Kolacici_Cookies\" >3. Kola\u010di\u0107i (Cookies)<\/a><\/li><li class='ez-toc-page-1 ez-toc-heading-level-3'><a class=\"ez-toc-link ez-toc-heading-13\" href=\"https:\/\/deki-promet.hr\/en\/terms-and-conditions\/#4_Zastita_podataka\" >4. Za\u0161tita podataka<\/a><\/li><li class='ez-toc-page-1 ez-toc-heading-level-3'><a class=\"ez-toc-link ez-toc-heading-14\" href=\"https:\/\/deki-promet.hr\/en\/terms-and-conditions\/#5_Prava_korisnika\" >5. Prava korisnika<\/a><\/li><li class='ez-toc-page-1 ez-toc-heading-level-3'><a class=\"ez-toc-link ez-toc-heading-15\" href=\"https:\/\/deki-promet.hr\/en\/terms-and-conditions\/#6_Izmjene_uvjeta\" >6. Izmjene uvjeta<\/a><\/li><li class='ez-toc-page-1 ez-toc-heading-level-3'><a class=\"ez-toc-link ez-toc-heading-16\" href=\"https:\/\/deki-promet.hr\/en\/terms-and-conditions\/#7_Kontakt_informacije\" >7. Kontakt informacije<\/a><\/li><\/ul><\/li><\/ul><\/li><\/ul><\/nav><\/div>\n<h1><span class=\"ez-toc-section\" id=\"Terms_and_Conditions\"><\/span>Terms and Conditions<span class=\"ez-toc-section-end\"><\/span><\/h1>&#8221; locked=&#8221;off&#8221; global_colors_info=&#8221;{}&#8221;]<h1><span class=\"ez-toc-section\" id=\"Uvjeti_i_odredbe\"><\/span>Uvjeti i odredbe<span class=\"ez-toc-section-end\"><\/span><\/h1>[\/et_pb_text][et_pb_divider color=&#8221;#D9E2DE&#8221; divider_position=&#8221;center&#8221; divider_weight=&#8221;4px&#8221; _builder_version=&#8221;4.27.0&#8243; _module_preset=&#8221;default&#8221; width=&#8221;70%&#8221; module_alignment=&#8221;right&#8221; custom_margin_tablet=&#8221;5px||||false|false&#8221; custom_margin_phone=&#8221;0px||||false|false&#8221; custom_margin_last_edited=&#8221;off|desktop&#8221; custom_padding=&#8221;||||false|false&#8221; locked=&#8221;off&#8221; global_colors_info=&#8221;{}&#8221;][\/et_pb_divider][\/et_pb_column][\/et_pb_row][et_pb_row _builder_version=&#8221;4.21.0&#8243; _module_preset=&#8221;default&#8221; global_colors_info=&#8221;{}&#8221;][et_pb_column type=&#8221;4_4&#8243; _builder_version=&#8221;4.21.0&#8243; _module_preset=&#8221;default&#8221; global_colors_info=&#8221;{}&#8221;][et_pb_text _builder_version=&#8221;4.27.0&#8243; _module_preset=&#8221;default&#8221; text_font=&#8221;&#8211;et_global_body_font||||||||&#8221; text_text_color=&#8221;rgba(217,226,222,0.6)&#8221; text_font_size=&#8221;18px&#8221; text_line_height=&#8221;1.8em&#8221; header_3_font=&#8221;&#8211;et_global_heading_font|600||on|||||&#8221; header_3_text_color=&#8221;#D9E2DE&#8221; header_3_font_size=&#8221;24px&#8221; header_3_line_height=&#8221;1.4em&#8221; header_4_font=&#8221;&#8211;et_global_heading_font|600||on|||||&#8221; header_4_text_color=&#8221;#D9E2DE&#8221; header_4_font_size=&#8221;24px&#8221; header_4_letter_spacing=&#8221;0.05em&#8221; header_4_line_height=&#8221;1.4em&#8221; custom_margin=&#8221;||10vh||false|false&#8221; scroll_vertical_motion=&#8221;0|50|50|100|4|0|0&#8243; scroll_fade=&#8221;30|50|50|100|0|100|100&#8243; hover_enabled=&#8221;0&#8243; text_font_size_tablet=&#8221;17px&#8221; text_font_size_phone=&#8221;15px&#8221; text_font_size_last_edited=&#8221;on|phone&#8221; header_3_font_size_tablet=&#8221;22px&#8221; header_3_font_size_phone=&#8221;20px&#8221; header_3_font_size_last_edited=&#8221;on|phone&#8221; header_4_font_size_tablet=&#8221;22px&#8221; header_4_font_size_phone=&#8221;20px&#8221; header_4_font_size_last_edited=&#8221;on|desktop&#8221; content_en_gb=&#8221;<h3><span class=\"ez-toc-section\" id=\"1_Introduction\"><\/span>1. Introduction<span class=\"ez-toc-section-end\"><\/span><\/h3>\n<p>Welcome to our website. By using this website, you agree to the following terms and conditions. If you do not agree with any part of these terms, please do not use our website.<\/p>\n<h3><span class=\"ez-toc-section\" id=\"2_Collection_and_Use_of_Personal_Data\"><\/span>2. Collection and Use of Personal Data<span class=\"ez-toc-section-end\"><\/span><\/h3>\n<p>All personal data collected through this website is processed in accordance with the General Data Protection Regulation (GDPR). The personal data we collect may include your name, email address, phone number, and any other information you voluntarily provide through the contact form or other interactive elements on the site.<\/p>\n<p>a) Contact Form<\/p>\n<p>When you fill out our contact form, we collect the information you provide, including your name, email address, and message. This data is used solely for the purpose of responding to your inquiry. We will not share your data with third parties without your explicit consent, unless required by law.<\/p>\n<p>b) Google Maps<\/p>\n<p>Our website uses Google Maps to display the location of our office or other business premises. Google Maps is a service provided by Google Inc. By using Google Maps, you agree to Google\u2019s Terms of Service and Privacy Policy. Google may collect data such as your IP address, device location, and other information to ensure the functionality of the map.<\/p>\n<p>c) Social Media Links<\/p>\n<p>Our website may contain links to social media profiles such as Facebook, Instagram, LinkedIn, and others. By clicking on these links, you may be redirected to third-party platforms that have their own terms of service and privacy policies. We recommend that you familiarize yourself with the terms of service of these platforms before using them.<\/p>\n<h3><span class=\"ez-toc-section\" id=\"3_Cookies\"><\/span>3. Cookies<span class=\"ez-toc-section-end\"><\/span><\/h3>\n<p>Our website uses cookies to enhance the user experience. <a href=%22https:\/\/deki-promet.hr\/en\/cookie-policy\/%22 data-et-target-link=%22_blank%22 rel=%22noopener%22>Cookies<\/a> are small text files stored on your device by your browser. By using this website, you consent to our use of cookies in accordance with our <a href=%22https:\/\/deki-promet.hr\/en\/privacy-policy\/%22 data-et-target-link=%22_blank%22 rel=%22noopener%22>Privacy Policy<\/a>.<\/p>\n<h3><span class=\"ez-toc-section\" id=\"4_Data_Protection\"><\/span>4. Data Protection<span class=\"ez-toc-section-end\"><\/span><\/h3>\n<p>We have implemented appropriate technical and organizational measures to protect your data from unauthorized access, alteration, disclosure, or destruction.<\/p>\n<h3><span class=\"ez-toc-section\" id=\"5_User_Rights\"><\/span>5. User Rights<span class=\"ez-toc-section-end\"><\/span><\/h3>\n<p>Under GDPR, you have the right to access your personal data, the right to rectification, erasure, restriction of processing, and the right to object. If you wish to exercise any of these rights, please contact us via the email provided in the contact information.<\/p>\n<h3><span class=\"ez-toc-section\" id=\"6_Changes_to_the_Terms\"><\/span>6. Changes to the Terms<span class=\"ez-toc-section-end\"><\/span><\/h3>\n<p>We reserve the right to modify these Terms and Conditions at any time. All changes will be posted on this page, so we recommend checking it regularly.<\/p>\n<h3><span class=\"ez-toc-section\" id=\"7_Contact_Information\"><\/span>7. Contact Information<span class=\"ez-toc-section-end\"><\/span><\/h3>\n<p>If you have any questions regarding these Terms and Conditions or how we process your personal data, please feel free to contact us at:<\/p>\n<ul>\n<li><strong>Deki-promet d.o.o.<\/strong><\/li>\n<li>Email: <a href=%22mailto:info@deki-promet.hr%22>info@deki-promet.hr<\/a>\u00a0 | <a href=%22mailto:dpsisak@gmail.com%22>dpsisak@gmail.com<\/a><\/li>\n<li>Phone: <a href=%22tel:+38598286110%22>+385 98 286110<\/a><\/li>\n<\/ul>&#8221; locked=&#8221;off&#8221; global_colors_info=&#8221;{}&#8221; sticky_enabled=&#8221;0&#8243;]<h3><span class=\"ez-toc-section\" id=\"1_Uvod\"><\/span>1. Uvod<span class=\"ez-toc-section-end\"><\/span><\/h3>\n<p>Dobrodo\u0161li na na\u0161u web stranicu. Kori\u0161tenjem ove web stranice pristajete na sljede\u0107e uvjete i odredbe. Ako se ne sla\u017eete s bilo kojim dijelom ovih uvjeta, molimo vas da ne koristite na\u0161u web stranicu.<\/p>\n<h3><span class=\"ez-toc-section\" id=\"2_Prikupljanje_i_koristenje_osobnih_podataka\"><\/span>2. Prikupljanje i kori\u0161tenje osobnih podataka<span class=\"ez-toc-section-end\"><\/span><\/h3>\n<p>Svi osobni podaci koje prikupimo putem ove web stranice obra\u0111uju se u skladu s Op\u0107om uredbom o za\u0161titi podataka (GDPR). Osobni podaci koje prikupljamo mogu uklju\u010divati ime, adresu e-po\u0161te, telefonski broj i bilo koje druge informacije koje nam dobrovoljno dostavite putem kontakt forme ili drugih interaktivnih elemenata na stranici.<\/p>\n<p>a) Kontakt forma<\/p>\n<p>Kada popunjavate na\u0161u kontakt formu, prikupljamo informacije koje nam dostavite, uklju\u010duju\u0107i ime, e-mail adresu i poruku. Ovi podaci koriste se isklju\u010divo u svrhu odgovora na va\u0161 upit. Va\u0161e podatke ne\u0107emo dijeliti s tre\u0107im stranama bez va\u0161eg izri\u010ditog pristanka, osim ako to ne zahtijeva zakon.<\/p>\n<p>b) Google Maps<\/p>\n<p>Na\u0161a web stranica koristi Google Maps za prikaz lokacije na\u0161eg ureda ili drugih poslovnih prostora. Google Maps je usluga koju pru\u017ea Google Inc. Kori\u0161tenjem Google Mapsa, pristajete na Googleove Uvjete kori\u0161tenja i Pravila privatnosti. Google mo\u017ee prikupljati podatke kao \u0161to su IP adresa, lokacija ure\u0111aja, kao i druge informacije kako bi osigurao funkcionalnost karte.<\/p>\n<p>c) Poveznice na dru\u0161tvene mre\u017ee<\/p>\n<p>Na\u0161a web stranica mo\u017ee sadr\u017eavati poveznice na profile na dru\u0161tvenim mre\u017eama poput Facebooka, Instagrama, LinkedIna, i drugih. Klikom na te poveznice mo\u017eete biti preusmjereni na platforme tre\u0107ih strana koje imaju vlastite uvjete kori\u0161tenja i politike privatnosti. Preporu\u010dujemo da se upoznate s uvjetima kori\u0161tenja tih platformi prije nego \u0161to ih koristite.<\/p>\n<h3><span class=\"ez-toc-section\" id=\"3_Kolacici_Cookies\"><\/span>3. Kola\u010di\u0107i (Cookies)<span class=\"ez-toc-section-end\"><\/span><\/h3>\n<p>Na\u0161a web stranica koristi kola\u010di\u0107e za pobolj\u0161anje korisni\u010dkog iskustva. <a href=\"https:\/\/deki-promet.hr\/politika-kolacica\/\" target=\"_blank\" rel=\"noopener\">Kola\u010di\u0107i<\/a> su male tekstualne datoteke koje va\u0161 preglednik pohranjuje na va\u0161em ure\u0111aju. Kori\u0161tenjem ove web stranice pristajete na na\u0161u uporabu kola\u010di\u0107a u skladu s na\u0161om <a href=\"https:\/\/deki-promet.hr\/pravila-privatnosti\/\" target=\"_blank\" rel=\"noopener\">Politikom privatnosti<\/a>.<\/p>\n<h3><span class=\"ez-toc-section\" id=\"4_Zastita_podataka\"><\/span>4. Za\u0161tita podataka<span class=\"ez-toc-section-end\"><\/span><\/h3>\n<p>Poduzeli smo odgovaraju\u0107e tehni\u010dke i organizacijske mjere kako bismo za\u0161titili va\u0161e podatke od neovla\u0161tenog pristupa, promjene, otkrivanja ili uni\u0161tenja.<\/p>\n<h3><span class=\"ez-toc-section\" id=\"5_Prava_korisnika\"><\/span>5. Prava korisnika<span class=\"ez-toc-section-end\"><\/span><\/h3>\n<p>Prema GDPR-u, imate pravo na pristup svojim osobnim podacima, pravo na ispravak, brisanje, ograni\u010denje obrade i pravo na prigovor. Ako \u017eelite ostvariti bilo koje od ovih prava, molimo vas da nas kontaktirate putem e-maila navedenog u kontakt podacima.<\/p>\n<h3><span class=\"ez-toc-section\" id=\"6_Izmjene_uvjeta\"><\/span>6. Izmjene uvjeta<span class=\"ez-toc-section-end\"><\/span><\/h3>\n<p>Zadr\u017eavamo pravo na izmjenu ovih Uvjeta kori\u0161tenja u bilo kojem trenutku. Sve promjene \u0107e biti objavljene na ovoj stranici, stoga preporu\u010dujemo redovito provjeravanje.<\/p>\n<h3><span class=\"ez-toc-section\" id=\"7_Kontakt_informacije\"><\/span>7. Kontakt informacije<span class=\"ez-toc-section-end\"><\/span><\/h3>\n<p>Ako imate bilo kakva pitanja vezana uz ove Uvjete kori\u0161tenja ili na\u010din na koji obra\u0111ujemo va\u0161e osobne podatke, slobodno nas kontaktirajte putem<span style=\"font-size: 16px;\">:<\/span><\/p>\n<ul>\n<li><strong>Deki-promet d.o.o.<\/strong><\/li>\n<li>Email: <a href=\"mailto:info@deki-promet.hr\">info@deki-promet.hr<\/a>\u00a0 | <a href=\"mailto:dpsisak@gmail.com\">dpsisak@gmail.com<\/a><\/li>\n<li>Telefon: <a href=\"tel:+38598286110\">+385 98 286110<\/a><\/li>\n<\/ul>[\/et_pb_text][\/et_pb_column][\/et_pb_row][\/et_pb_section]\n","protected":false},"excerpt":{"rendered":"<p>Uvjeti i odredbe1. Uvod Dobrodo\u0161li na na\u0161u web stranicu. Kori\u0161tenjem ove web stranice pristajete na sljede\u0107e uvjete i odredbe. Ako se ne sla\u017eete s bilo kojim dijelom ovih uvjeta, molimo vas da ne koristite na\u0161u web stranicu. 2. Prikupljanje i kori\u0161tenje osobnih podataka Svi osobni podaci koje prikupimo putem ove web stranice obra\u0111uju se u [&hellip;]<\/p>\n","protected":false},"author":1,"featured_media":0,"parent":0,"menu_order":0,"comment_status":"closed","ping_status":"closed","template":"","meta":{"_et_pb_use_builder":"on","_et_pb_old_content":"","_et_gb_content_width":"","footnotes":""},"class_list":["post-711","page","type-page","status-publish","hentry"],"_links":{"self":[{"href":"https:\/\/deki-promet.hr\/en\/wp-json\/wp\/v2\/pages\/711","targetHints":{"allow":["GET"]}}],"collection":[{"href":"https:\/\/deki-promet.hr\/en\/wp-json\/wp\/v2\/pages"}],"about":[{"href":"https:\/\/deki-promet.hr\/en\/wp-json\/wp\/v2\/types\/page"}],"author":[{"embeddable":true,"href":"https:\/\/deki-promet.hr\/en\/wp-json\/wp\/v2\/users\/1"}],"replies":[{"embeddable":true,"href":"https:\/\/deki-promet.hr\/en\/wp-json\/wp\/v2\/comments?post=711"}],"version-history":[{"count":4,"href":"https:\/\/deki-promet.hr\/en\/wp-json\/wp\/v2\/pages\/711\/revisions"}],"predecessor-version":[{"id":908,"href":"https:\/\/deki-promet.hr\/en\/wp-json\/wp\/v2\/pages\/711\/revisions\/908"}],"wp:attachment":[{"href":"https:\/\/deki-promet.hr\/en\/wp-json\/wp\/v2\/media?parent=711"}],"curies":[{"name":"wp","href":"https:\/\/api.w.org\/{rel}","templated":true}]}}