{"id":717,"date":"2024-09-04T10:18:58","date_gmt":"2024-09-04T08:18:58","guid":{"rendered":"https:\/\/deki-promet.hr\/?page_id=717"},"modified":"2024-09-06T20:34:36","modified_gmt":"2024-09-06T18:34:36","slug":"politika-kolacica","status":"publish","type":"page","link":"https:\/\/deki-promet.hr\/en\/cookie-policy\/","title":{"rendered":"Cookie policy"},"content":{"rendered":"\n[et_pb_section fb_built=&#8221;1&#8243; admin_label=&#8221;Blog&#8221; _builder_version=&#8221;4.27.0&#8243; _module_preset=&#8221;default&#8221; background_color=&#8221;gcid-4c119920-fe37-4b7d-b1e0-a1ec608cdcd7&#8243; collapsed=&#8221;on&#8221; global_colors_info=&#8221;{%22gcid-4c119920-fe37-4b7d-b1e0-a1ec608cdcd7%22:%91%22background_color%22%93}&#8221;][et_pb_row _builder_version=&#8221;4.21.0&#8243; _module_preset=&#8221;default&#8221; locked=&#8221;off&#8221; global_colors_info=&#8221;{}&#8221;][et_pb_column type=&#8221;4_4&#8243; _builder_version=&#8221;4.21.0&#8243; _module_preset=&#8221;default&#8221; global_colors_info=&#8221;{}&#8221;][et_pb_text _builder_version=&#8221;4.27.0&#8243; _module_preset=&#8221;_initial&#8221; text_font=&#8221;&#8211;et_global_heading_font||||||||&#8221; header_font=&#8221;&#8211;et_global_heading_font|600||on|||||&#8221; header_text_color=&#8221;#FFFFFF&#8221; header_font_size=&#8221;72px&#8221; header_line_height=&#8221;1.2em&#8221; custom_margin=&#8221;||0px||false|false&#8221; hover_enabled=&#8221;0&#8243; header_font_size_tablet=&#8221;40px&#8221; header_font_size_phone=&#8221;24px&#8221; header_font_size_last_edited=&#8221;on|desktop&#8221; content_en_gb=&#8221;<div id=\"ez-toc-container\" class=\"ez-toc-v2_0_81 ez-toc-wrap-center counter-hierarchy ez-toc-counter ez-toc-custom ez-toc-container-direction\">\n<div class=\"ez-toc-title-container\">\n<p class=\"ez-toc-title\" style=\"cursor:inherit\">Sadr\u017eaj stranice<\/p>\n<span class=\"ez-toc-title-toggle\"><a href=\"#\" class=\"ez-toc-pull-right ez-toc-btn ez-toc-btn-xs ez-toc-btn-default ez-toc-toggle\" aria-label=\"Toggle Table of Content\"><span class=\"ez-toc-js-icon-con\"><span class=\"\"><span class=\"eztoc-hide\" style=\"display:none;\">Toggle<\/span><span class=\"ez-toc-icon-toggle-span\"><svg style=\"fill: #cbd4cf;color:#cbd4cf\" xmlns=\"http:\/\/www.w3.org\/2000\/svg\" class=\"list-377408\" width=\"20px\" height=\"20px\" viewBox=\"0 0 24 24\" fill=\"none\"><path d=\"M6 6H4v2h2V6zm14 0H8v2h12V6zM4 11h2v2H4v-2zm16 0H8v2h12v-2zM4 16h2v2H4v-2zm16 0H8v2h12v-2z\" fill=\"currentColor\"><\/path><\/svg><svg style=\"fill: #cbd4cf;color:#cbd4cf\" class=\"arrow-unsorted-368013\" xmlns=\"http:\/\/www.w3.org\/2000\/svg\" width=\"10px\" height=\"10px\" viewBox=\"0 0 24 24\" version=\"1.2\" baseProfile=\"tiny\"><path d=\"M18.2 9.3l-6.2-6.3-6.2 6.3c-.2.2-.3.4-.3.7s.1.5.3.7c.2.2.4.3.7.3h11c.3 0 .5-.1.7-.3.2-.2.3-.5.3-.7s-.1-.5-.3-.7zM5.8 14.7l6.2 6.3 6.2-6.3c.2-.2.3-.5.3-.7s-.1-.5-.3-.7c-.2-.2-.4-.3-.7-.3h-11c-.3 0-.5.1-.7.3-.2.2-.3.5-.3.7s.1.5.3.7z\"\/><\/svg><\/span><\/span><\/span><\/a><\/span><\/div>\n<nav><ul class='ez-toc-list ez-toc-list-level-1 ' ><li class='ez-toc-page-1 ez-toc-heading-level-1'><a class=\"ez-toc-link ez-toc-heading-1\" href=\"https:\/\/deki-promet.hr\/en\/cookie-policy\/#Cookie_policy\" >Cookie policy<\/a><\/li><li class='ez-toc-page-1 ez-toc-heading-level-1'><a class=\"ez-toc-link ez-toc-heading-2\" href=\"https:\/\/deki-promet.hr\/en\/cookie-policy\/#Politika_kolacica\" >Politika kola\u010di\u0107a<\/a><ul class='ez-toc-list-level-3' ><li class='ez-toc-heading-level-3'><ul class='ez-toc-list-level-3' ><li class='ez-toc-heading-level-3'><a class=\"ez-toc-link ez-toc-heading-3\" href=\"https:\/\/deki-promet.hr\/en\/cookie-policy\/#1_Introduction\" >1. Introduction<\/a><\/li><li class='ez-toc-page-1 ez-toc-heading-level-3'><a class=\"ez-toc-link ez-toc-heading-4\" href=\"https:\/\/deki-promet.hr\/en\/cookie-policy\/#2_What_Are_Cookies\" >2. What Are Cookies?<\/a><\/li><li class='ez-toc-page-1 ez-toc-heading-level-3'><a class=\"ez-toc-link ez-toc-heading-5\" href=\"https:\/\/deki-promet.hr\/en\/cookie-policy\/#3_Types_of_Cookies_We_Use\" >3. Types of Cookies We Use<\/a><\/li><li class='ez-toc-page-1 ez-toc-heading-level-3'><a class=\"ez-toc-link ez-toc-heading-6\" href=\"https:\/\/deki-promet.hr\/en\/cookie-policy\/#4_Third-Party_Cookies\" >4. Third-Party Cookies<\/a><\/li><li class='ez-toc-page-1 ez-toc-heading-level-3'><a class=\"ez-toc-link ez-toc-heading-7\" href=\"https:\/\/deki-promet.hr\/en\/cookie-policy\/#5_Your_Consent\" >5. Your Consent<\/a><\/li><li class='ez-toc-page-1 ez-toc-heading-level-3'><a class=\"ez-toc-link ez-toc-heading-8\" href=\"https:\/\/deki-promet.hr\/en\/cookie-policy\/#6_Managing_and_Deleting_Cookies\" >6. Managing and Deleting Cookies<\/a><\/li><li class='ez-toc-page-1 ez-toc-heading-level-3'><a class=\"ez-toc-link ez-toc-heading-9\" href=\"https:\/\/deki-promet.hr\/en\/cookie-policy\/#7_Changes_to_This_Cookie_Policy\" >7. Changes to This Cookie Policy<\/a><\/li><li class='ez-toc-page-1 ez-toc-heading-level-3'><a class=\"ez-toc-link ez-toc-heading-10\" href=\"https:\/\/deki-promet.hr\/en\/cookie-policy\/#8_Contact_Us\" >8. Contact Us<\/a><\/li><li class='ez-toc-page-1 ez-toc-heading-level-3'><a class=\"ez-toc-link ez-toc-heading-11\" href=\"https:\/\/deki-promet.hr\/en\/cookie-policy\/#1_Uvod\" >1. Uvod<\/a><\/li><li class='ez-toc-page-1 ez-toc-heading-level-3'><a class=\"ez-toc-link ez-toc-heading-12\" href=\"https:\/\/deki-promet.hr\/en\/cookie-policy\/#2_Sto_su_kolacici\" >2. \u0160to su kola\u010di\u0107i?<\/a><\/li><li class='ez-toc-page-1 ez-toc-heading-level-3'><a class=\"ez-toc-link ez-toc-heading-13\" href=\"https:\/\/deki-promet.hr\/en\/cookie-policy\/#3_Vrste_kolacica_koje_koristimo\" >3. Vrste kola\u010di\u0107a koje koristimo<\/a><\/li><li class='ez-toc-page-1 ez-toc-heading-level-3'><a class=\"ez-toc-link ez-toc-heading-14\" href=\"https:\/\/deki-promet.hr\/en\/cookie-policy\/#4_Kolacici_trecih_strana\" >4. Kola\u010di\u0107i tre\u0107ih strana<\/a><\/li><li class='ez-toc-page-1 ez-toc-heading-level-3'><a class=\"ez-toc-link ez-toc-heading-15\" href=\"https:\/\/deki-promet.hr\/en\/cookie-policy\/#5_Vasa_privola\" >5. Va\u0161a privola<\/a><\/li><li class='ez-toc-page-1 ez-toc-heading-level-3'><a class=\"ez-toc-link ez-toc-heading-16\" href=\"https:\/\/deki-promet.hr\/en\/cookie-policy\/#6_Upravljanje_i_brisanje_kolacica\" >6. Upravljanje i brisanje kola\u010di\u0107a<\/a><\/li><li class='ez-toc-page-1 ez-toc-heading-level-3'><a class=\"ez-toc-link ez-toc-heading-17\" href=\"https:\/\/deki-promet.hr\/en\/cookie-policy\/#7_Izmjene_ove_Politike_kolacica\" >7. Izmjene ove Politike kola\u010di\u0107a<\/a><\/li><li class='ez-toc-page-1 ez-toc-heading-level-3'><a class=\"ez-toc-link ez-toc-heading-18\" href=\"https:\/\/deki-promet.hr\/en\/cookie-policy\/#8_Kontaktirajte_nas\" >8. Kontaktirajte nas<\/a><\/li><\/ul><\/li><\/ul><\/li><\/ul><\/nav><\/div>\n<h1><span class=\"ez-toc-section\" id=\"Cookie_policy\"><\/span>Cookie policy<span class=\"ez-toc-section-end\"><\/span><\/h1>&#8221; locked=&#8221;off&#8221; global_colors_info=&#8221;{}&#8221; sticky_enabled=&#8221;0&#8243;]<h1><span class=\"ez-toc-section\" id=\"Politika_kolacica\"><\/span>Politika kola\u010di\u0107a<span class=\"ez-toc-section-end\"><\/span><\/h1>[\/et_pb_text][et_pb_divider color=&#8221;#D9E2DE&#8221; divider_position=&#8221;center&#8221; divider_weight=&#8221;4px&#8221; _builder_version=&#8221;4.27.0&#8243; _module_preset=&#8221;default&#8221; width=&#8221;70%&#8221; module_alignment=&#8221;right&#8221; custom_margin_tablet=&#8221;5px||||false|false&#8221; custom_margin_phone=&#8221;0px||||false|false&#8221; custom_margin_last_edited=&#8221;off|desktop&#8221; custom_padding=&#8221;||||false|false&#8221; locked=&#8221;off&#8221; global_colors_info=&#8221;{}&#8221;][\/et_pb_divider][\/et_pb_column][\/et_pb_row][et_pb_row _builder_version=&#8221;4.21.0&#8243; _module_preset=&#8221;default&#8221; global_colors_info=&#8221;{}&#8221;][et_pb_column type=&#8221;4_4&#8243; _builder_version=&#8221;4.21.0&#8243; _module_preset=&#8221;default&#8221; global_colors_info=&#8221;{}&#8221;][et_pb_text _builder_version=&#8221;4.27.0&#8243; _module_preset=&#8221;default&#8221; text_font=&#8221;&#8211;et_global_body_font||||||||&#8221; text_text_color=&#8221;rgba(217,226,222,0.6)&#8221; text_font_size=&#8221;18px&#8221; text_line_height=&#8221;1.8em&#8221; header_3_font=&#8221;&#8211;et_global_heading_font|600||on|||||&#8221; header_3_text_color=&#8221;#D9E2DE&#8221; header_3_font_size=&#8221;24px&#8221; header_3_line_height=&#8221;1.4em&#8221; header_4_font=&#8221;&#8211;et_global_heading_font|600||on|||||&#8221; header_4_text_color=&#8221;#D9E2DE&#8221; header_4_font_size=&#8221;24px&#8221; header_4_letter_spacing=&#8221;0.05em&#8221; header_4_line_height=&#8221;1.4em&#8221; custom_margin=&#8221;||10vh||false|false&#8221; scroll_vertical_motion=&#8221;0|50|50|100|4|0|0&#8243; scroll_fade=&#8221;30|50|50|100|0|100|100&#8243; hover_enabled=&#8221;0&#8243; text_font_size_tablet=&#8221;17px&#8221; text_font_size_phone=&#8221;15px&#8221; text_font_size_last_edited=&#8221;on|phone&#8221; header_3_font_size_tablet=&#8221;22px&#8221; header_3_font_size_phone=&#8221;20px&#8221; header_3_font_size_last_edited=&#8221;on|phone&#8221; header_4_font_size_tablet=&#8221;22px&#8221; header_4_font_size_phone=&#8221;20px&#8221; header_4_font_size_last_edited=&#8221;on|desktop&#8221; content_en_gb=&#8221;<h3><span class=\"ez-toc-section\" id=\"1_Introduction\"><\/span>1. Introduction<span class=\"ez-toc-section-end\"><\/span><\/h3>\n<p>This Cookie Policy explains what cookies are, how we use them on our website, and your options regarding their use. By using our website, you consent to the use of cookies in accordance with this policy.<\/p>\n<h3><span class=\"ez-toc-section\" id=\"2_What_Are_Cookies\"><\/span>2. What Are Cookies?<span class=\"ez-toc-section-end\"><\/span><\/h3>\n<p>Cookies are small text files that are stored on your device (computer, tablet, smartphone) when you visit a website. They are widely used to make websites work more efficiently, as well as to provide information to the site owners.<\/p>\n<h3><span class=\"ez-toc-section\" id=\"3_Types_of_Cookies_We_Use\"><\/span>3. Types of Cookies We Use<span class=\"ez-toc-section-end\"><\/span><\/h3>\n<p>We use the following types of cookies on our website:<\/p>\n<p>a) <strong>Necessary Cookies<\/strong><\/p>\n<p>These cookies are essential for the website to function properly. They allow you to navigate the site and use its features, such as accessing secure areas.<\/p>\n<ul>\n<li><strong>Example:<\/strong> Session cookies that keep you logged in during your visit.<\/li>\n<\/ul>\n<p>b) <strong>Performance Cookies<\/strong><\/p>\n<p>These cookies collect information about how visitors use our website, such as which pages are visited most often. This information helps us improve the website\u2019s performance and user experience.<\/p>\n<ul>\n<li><strong>Example:<\/strong> Google Analytics cookies that track page views and site navigation.<\/li>\n<\/ul>\n<p>c) <strong>Functionality Cookies<\/strong><\/p>\n<p>These cookies allow the website to remember choices you make (such as your language preference or region) and provide enhanced features.<\/p>\n<ul>\n<li><strong>Example:<\/strong> Cookies that remember your language preference on our website.<\/li>\n<\/ul>\n<p>d) <strong>Targeting\/Advertising Cookies<\/strong><\/p>\n<p>These cookies are used to deliver advertisements that are more relevant to you and your interests. They also limit the number of times you see an ad and help measure the effectiveness of advertising campaigns.<\/p>\n<ul>\n<li><strong>Example:<\/strong> Cookies used by social media platforms like Facebook to deliver targeted ads.<\/li>\n<\/ul>\n<h3><span class=\"ez-toc-section\" id=\"4_Third-Party_Cookies\"><\/span>4. Third-Party Cookies<span class=\"ez-toc-section-end\"><\/span><\/h3>\n<p>In addition to our own cookies, we may also use various third-party cookies to report usage statistics, deliver advertisements, and provide social media features. For example:<\/p>\n<ul>\n<li><strong>Google Maps:<\/strong> If you use Google Maps on our website, Google may set cookies to store your preferences and track user interaction.<\/li>\n<li><strong>Social Media:<\/strong> Links to our social media profiles (e.g., Facebook, Instagram) may result in cookies being set by these third parties when you click on them.<\/li>\n<\/ul>\n<h3><span class=\"ez-toc-section\" id=\"5_Your_Consent\"><\/span>5. Your Consent<span class=\"ez-toc-section-end\"><\/span><\/h3>\n<p>When you visit our website for the first time, you will see a cookie banner that provides information about the cookies we use. By continuing to use our website, you consent to the placement of cookies on your device. You can withdraw your consent at any time by deleting cookies or changing your browser settings.<\/p>\n<h3><span class=\"ez-toc-section\" id=\"6_Managing_and_Deleting_Cookies\"><\/span>6. Managing and Deleting Cookies<span class=\"ez-toc-section-end\"><\/span><\/h3>\n<p>You have the right to accept or reject cookies. Most web browsers allow you to control cookies through their settings. You can set your browser to refuse cookies, delete cookies that have already been set, or alert you when new cookies are being sent to your device.<\/p>\n<p>Please note that disabling cookies may affect the functionality of our website, and some features may not work as intended.<\/p>\n<h3><span class=\"ez-toc-section\" id=\"7_Changes_to_This_Cookie_Policy\"><\/span>7. Changes to This Cookie Policy<span class=\"ez-toc-section-end\"><\/span><\/h3>\n<p>We may update this Cookie Policy from time to time to reflect changes in our use of cookies. Any updates will be posted on this page, so we encourage you to review this page regularly.<\/p>\n<h3><span class=\"ez-toc-section\" id=\"8_Contact_Us\"><\/span>8. Contact Us<span class=\"ez-toc-section-end\"><\/span><\/h3>\n<p>If you have any questions about this Cookie Policy or our use of cookies, please contact us at:<\/p>\n<ul>\n<li>Deki-promet d.o.o.<\/li>\n<li>Address: Odra, II lijevi odvojak 3, 44000 Sisak<\/li>\n<li>Email: <a href=%22mailto:info@dekipromet.hr%22>info@dekipromet.hr<\/a> | <a href=%22mailto:dpsisak@gmail.com%22>dpsisak@gmail.com<\/a><\/li>\n<li>Phone: <a href=%22tel:+38598286110%22>+385 98 286110<\/a><\/li>\n<\/ul>&#8221; locked=&#8221;off&#8221; global_colors_info=&#8221;{}&#8221; sticky_enabled=&#8221;0&#8243;]<h3><span class=\"ez-toc-section\" id=\"1_Uvod\"><\/span>1. Uvod<span class=\"ez-toc-section-end\"><\/span><\/h3>\n<p>Ova Politika kola\u010di\u0107a obja\u0161njava \u0161to su kola\u010di\u0107i, kako ih koristimo na na\u0161oj web stranici, te va\u0161e mogu\u0107nosti u vezi s njihovim kori\u0161tenjem. Kori\u0161tenjem na\u0161e web stranice pristajete na upotrebu kola\u010di\u0107a u skladu s ovom politikom.<\/p>\n<h3><span class=\"ez-toc-section\" id=\"2_Sto_su_kolacici\"><\/span>2. \u0160to su kola\u010di\u0107i?<span class=\"ez-toc-section-end\"><\/span><\/h3>\n<p>Kola\u010di\u0107i su male tekstualne datoteke koje se pohranjuju na va\u0161 ure\u0111aj (ra\u010dunalo, tablet, pametni telefon) kada posjetite web stranicu. \u0160iroko se koriste kako bi web stranice radile u\u010dinkovitije, kao i za pru\u017eanje informacija vlasnicima stranica.<\/p>\n<h3><span class=\"ez-toc-section\" id=\"3_Vrste_kolacica_koje_koristimo\"><\/span>3. Vrste kola\u010di\u0107a koje koristimo<span class=\"ez-toc-section-end\"><\/span><\/h3>\n<p>Na na\u0161oj web stranici koristimo sljede\u0107e vrste kola\u010di\u0107a:<\/p>\n<p>a) <strong>Neophodni kola\u010di\u0107i<\/strong><\/p>\n<p>Ovi kola\u010di\u0107i su klju\u010dni za ispravno funkcioniranje web stranice. Omogu\u0107uju vam navigaciju po stranici i kori\u0161tenje njenih zna\u010dajki, poput pristupa sigurnim podru\u010djima.<\/p>\n<ul>\n<li><strong>Primjer:<\/strong> Kola\u010di\u0107i sesije koji vas dr\u017ee prijavljenima tijekom va\u0161eg posjeta.<\/li>\n<\/ul>\n<p>b) <strong>Kola\u010di\u0107i za rad stranice<\/strong><\/p>\n<p>Ovi kola\u010di\u0107i prikupljaju informacije o tome kako posjetitelji koriste na\u0161u web stranicu, kao \u0161to su naj\u010de\u0161\u0107e posje\u0107ene stranice. Ove informacije poma\u017eu nam pobolj\u0161ati performanse web stranice i korisni\u010dko iskustvo.<\/p>\n<ul>\n<li><strong>Primjer:<\/strong> Kola\u010di\u0107i Google Analyticsa koji prate posjete stranicama i navigaciju po stranici.<\/li>\n<\/ul>\n<p>c) <strong>Funkcionalni kola\u010di\u0107i<\/strong><\/p>\n<p>Ovi kola\u010di\u0107i omogu\u0107uju web stranici da zapamti odabire koje napravite (kao \u0161to je va\u0161 jezi\u010dni odabir ili regija) i pru\u017ea pobolj\u0161ane zna\u010dajke.<\/p>\n<ul>\n<li><strong>Primjer:<\/strong> Kola\u010di\u0107i koji pamte va\u0161 jezi\u010dni odabir na na\u0161oj web stranici.<\/li>\n<\/ul>\n<p>d) <strong>Kola\u010di\u0107i za ciljanje\/ogla\u0161avanje<\/strong><\/p>\n<p>Ovi kola\u010di\u0107i se koriste za isporuku oglasa koji su relevantniji za vas i va\u0161e interese. Tako\u0111er ograni\u010davaju broj prikazivanja oglasa i poma\u017eu u mjerenju u\u010dinkovitosti oglasnih kampanja.<\/p>\n<ul>\n<li><strong>Primjer:<\/strong> Kola\u010di\u0107i koje koriste dru\u0161tvene mre\u017ee poput Facebooka za isporuku ciljanih oglasa.<\/li>\n<\/ul>\n<h3><span class=\"ez-toc-section\" id=\"4_Kolacici_trecih_strana\"><\/span>4. Kola\u010di\u0107i tre\u0107ih strana<span class=\"ez-toc-section-end\"><\/span><\/h3>\n<p>Osim na\u0161ih vlastitih kola\u010di\u0107a, mo\u017eemo koristiti i razne kola\u010di\u0107e tre\u0107ih strana za prijavljivanje statistike kori\u0161tenja, isporuku oglasa i pru\u017eanje zna\u010dajki dru\u0161tvenih mre\u017ea. Na primjer:<\/p>\n<ul>\n<li><strong>Google Maps:<\/strong> Ako koristite Google Maps na na\u0161oj web stranici, Google mo\u017ee postaviti kola\u010di\u0107e za pohranu va\u0161ih postavki i pra\u0107enje interakcije korisnika.<\/li>\n<li><strong>Dru\u0161tvene mre\u017ee:<\/strong> Poveznice na na\u0161e profile na dru\u0161tvenim mre\u017eama (npr. Facebook, Instagram) mogu rezultirati postavljanjem kola\u010di\u0107a od strane tih tre\u0107ih strana kada kliknete na njih.<\/li>\n<\/ul>\n<h3><span class=\"ez-toc-section\" id=\"5_Vasa_privola\"><\/span>5. Va\u0161a privola<span class=\"ez-toc-section-end\"><\/span><\/h3>\n<p>Kada prvi put posjetite na\u0161u web stranicu, vidjet \u0107ete banner s informacijama o kola\u010di\u0107ima koje koristimo. Nastavkom kori\u0161tenja na\u0161e web stranice pristajete na postavljanje kola\u010di\u0107a na va\u0161 ure\u0111aj. Svoju privolu mo\u017eete povu\u0107i u bilo kojem trenutku brisanjem kola\u010di\u0107a ili promjenom postavki preglednika.<\/p>\n<h3><span class=\"ez-toc-section\" id=\"6_Upravljanje_i_brisanje_kolacica\"><\/span>6. Upravljanje i brisanje kola\u010di\u0107a<span class=\"ez-toc-section-end\"><\/span><\/h3>\n<p>Imate pravo prihvatiti ili odbiti kola\u010di\u0107e. Ve\u0107ina web preglednika omogu\u0107uje vam kontrolu kola\u010di\u0107a putem postavki. Mo\u017eete postaviti preglednik da odbija kola\u010di\u0107e, bri\u0161e kola\u010di\u0107e koji su ve\u0107 postavljeni ili da vas upozori kada se novi kola\u010di\u0107i \u0161alju na va\u0161 ure\u0111aj.<\/p>\n<p>Imajte na umu da onemogu\u0107avanje kola\u010di\u0107a mo\u017ee utjecati na funkcionalnost na\u0161e web stranice i da neke zna\u010dajke mo\u017eda ne\u0107e raditi kako je predvi\u0111eno.<\/p>\n<h3><span class=\"ez-toc-section\" id=\"7_Izmjene_ove_Politike_kolacica\"><\/span>7. Izmjene ove Politike kola\u010di\u0107a<span class=\"ez-toc-section-end\"><\/span><\/h3>\n<p>Mo\u017eemo a\u017eurirati ovu Politiku kola\u010di\u0107a s vremena na vrijeme kako bismo odra\u017eavali promjene u na\u0161oj upotrebi kola\u010di\u0107a. Sve promjene \u0107e biti objavljene na ovoj stranici, stoga preporu\u010dujemo redovito provjeravanje.<\/p>\n<h3><span class=\"ez-toc-section\" id=\"8_Kontaktirajte_nas\"><\/span>8. Kontaktirajte nas<span class=\"ez-toc-section-end\"><\/span><\/h3>\n<p>Ako imate bilo kakva pitanja o ovoj Politici kola\u010di\u0107a ili na\u0161oj upotrebi kola\u010di\u0107a, slobodno nas kontaktirajte na:<\/p>\n<ul>\n<li><strong>Deki-promet d.o.o.<\/strong><\/li>\n<li>Email: <a href=\"mailto:info@deki-promet.hr\">info@deki-promet.hr<\/a>\u00a0 | <a href=\"mailto:dpsisak@gmail.com\">dpsisak@gmail.com<\/a><\/li>\n<li>Telefon: <a href=\"tel:+38598286110\">+385 98 286110<\/a><\/li>\n<\/ul>[\/et_pb_text][\/et_pb_column][\/et_pb_row][\/et_pb_section]\n","protected":false},"excerpt":{"rendered":"<p>Politika kola\u010di\u0107a1. Uvod Ova Politika kola\u010di\u0107a obja\u0161njava \u0161to su kola\u010di\u0107i, kako ih koristimo na na\u0161oj web stranici, te va\u0161e mogu\u0107nosti u vezi s njihovim kori\u0161tenjem. Kori\u0161tenjem na\u0161e web stranice pristajete na upotrebu kola\u010di\u0107a u skladu s ovom politikom. 2. \u0160to su kola\u010di\u0107i? Kola\u010di\u0107i su male tekstualne datoteke koje se pohranjuju na va\u0161 ure\u0111aj (ra\u010dunalo, tablet, [&hellip;]<\/p>\n","protected":false},"author":1,"featured_media":0,"parent":0,"menu_order":0,"comment_status":"closed","ping_status":"closed","template":"","meta":{"_et_pb_use_builder":"on","_et_pb_old_content":"","_et_gb_content_width":"","footnotes":""},"class_list":["post-717","page","type-page","status-publish","hentry"],"_links":{"self":[{"href":"https:\/\/deki-promet.hr\/en\/wp-json\/wp\/v2\/pages\/717","targetHints":{"allow":["GET"]}}],"collection":[{"href":"https:\/\/deki-promet.hr\/en\/wp-json\/wp\/v2\/pages"}],"about":[{"href":"https:\/\/deki-promet.hr\/en\/wp-json\/wp\/v2\/types\/page"}],"author":[{"embeddable":true,"href":"https:\/\/deki-promet.hr\/en\/wp-json\/wp\/v2\/users\/1"}],"replies":[{"embeddable":true,"href":"https:\/\/deki-promet.hr\/en\/wp-json\/wp\/v2\/comments?post=717"}],"version-history":[{"count":4,"href":"https:\/\/deki-promet.hr\/en\/wp-json\/wp\/v2\/pages\/717\/revisions"}],"predecessor-version":[{"id":906,"href":"https:\/\/deki-promet.hr\/en\/wp-json\/wp\/v2\/pages\/717\/revisions\/906"}],"wp:attachment":[{"href":"https:\/\/deki-promet.hr\/en\/wp-json\/wp\/v2\/media?parent=717"}],"curies":[{"name":"wp","href":"https:\/\/api.w.org\/{rel}","templated":true}]}}